{"id":116,"date":"2024-02-11T19:09:37","date_gmt":"2024-02-11T19:09:37","guid":{"rendered":"https:\/\/saldoband.cz\/?page_id=116"},"modified":"2025-10-25T11:02:58","modified_gmt":"2025-10-25T11:02:58","slug":"repertoar","status":"publish","type":"page","link":"https:\/\/saldoband.cz\/index.php\/repertoar\/","title":{"rendered":"Reperto\u00e1r"},"content":{"rendered":"\t\t<div data-elementor-type=\"wp-page\" data-elementor-id=\"116\" class=\"elementor elementor-116\">\n\t\t\t\t<div class=\"elementor-element elementor-element-e6d07da e-flex e-con-boxed e-con e-parent\" data-id=\"e6d07da\" data-element_type=\"container\">\n\t\t\t\t\t<div class=\"e-con-inner\">\n\t\t\t\t<div class=\"elementor-element elementor-element-640604e elementor-widget elementor-widget-image\" data-id=\"640604e\" data-element_type=\"widget\" data-widget_type=\"image.default\">\n\t\t\t\t<div class=\"elementor-widget-container\">\n\t\t\t\t\t\t\t\t\t\t\t\t\t<img fetchpriority=\"high\" decoding=\"async\" width=\"459\" height=\"236\" src=\"https:\/\/saldoband.cz\/wp-content\/uploads\/2024\/02\/SaldoBand-Logo-Efekt.png\" class=\"attachment-large size-large wp-image-48\" alt=\"\" srcset=\"https:\/\/saldoband.cz\/wp-content\/uploads\/2024\/02\/SaldoBand-Logo-Efekt.png 459w, https:\/\/saldoband.cz\/wp-content\/uploads\/2024\/02\/SaldoBand-Logo-Efekt-300x154.png 300w\" sizes=\"(max-width: 459px) 100vw, 459px\" \/>\t\t\t\t\t\t\t\t\t\t\t\t\t<\/div>\n\t\t\t\t<\/div>\n\t\t\t\t<div class=\"elementor-element elementor-element-c40dc68 elementor-widget elementor-widget-heading\" data-id=\"c40dc68\" data-element_type=\"widget\" data-widget_type=\"heading.default\">\n\t\t\t\t<div class=\"elementor-widget-container\">\n\t\t\t<h2 class=\"elementor-heading-title elementor-size-default\">Reperto\u00e1r<\/h2>\t\t<\/div>\n\t\t\t\t<\/div>\n\t\t\t\t<div class=\"elementor-element elementor-element-ff7f289 elementor-widget-divider--view-line elementor-widget elementor-widget-divider\" data-id=\"ff7f289\" data-element_type=\"widget\" data-widget_type=\"divider.default\">\n\t\t\t\t<div class=\"elementor-widget-container\">\n\t\t\t\t\t<div class=\"elementor-divider\">\n\t\t\t<span class=\"elementor-divider-separator\">\n\t\t\t\t\t\t<\/span>\n\t\t<\/div>\n\t\t\t\t<\/div>\n\t\t\t\t<\/div>\n\t\t<div class=\"elementor-element elementor-element-ec0b60c e-con-full e-flex e-con e-child\" data-id=\"ec0b60c\" data-element_type=\"container\">\n\t\t\t\t<div class=\"elementor-element elementor-element-6e162c7 elementor-widget elementor-widget-heading\" data-id=\"6e162c7\" data-element_type=\"widget\" data-widget_type=\"heading.default\">\n\t\t\t\t<div class=\"elementor-widget-container\">\n\t\t\t<h2 class=\"elementor-heading-title elementor-size-default\">M\u00e1te tip na skladbu, kterou bychom m\u011bli za\u0159adit do playlistu? Napi\u0161te n\u00e1m j\u00ed pros\u00edm n\u00ed\u017ee<\/h2>\t\t<\/div>\n\t\t\t\t<\/div>\n\t\t\t\t<div class=\"elementor-element elementor-element-9108d0c elementor-widget elementor-widget-wpforms\" data-id=\"9108d0c\" data-element_type=\"widget\" data-widget_type=\"wpforms.default\">\n\t\t\t\t<div class=\"elementor-widget-container\">\n\t\t\t<style id=\"wpforms-css-vars-root\">\n\t\t\t\t:root {\n\t\t\t\t\t--wpforms-field-border-radius: 3px;\n--wpforms-field-border-style: solid;\n--wpforms-field-border-size: 1px;\n--wpforms-field-background-color: #ffffff;\n--wpforms-field-border-color: rgba( 0, 0, 0, 0.25 );\n--wpforms-field-border-color-spare: rgba( 0, 0, 0, 0.25 );\n--wpforms-field-text-color: rgba( 0, 0, 0, 0.7 );\n--wpforms-field-menu-color: #ffffff;\n--wpforms-label-color: rgba( 0, 0, 0, 0.85 );\n--wpforms-label-sublabel-color: rgba( 0, 0, 0, 0.55 );\n--wpforms-label-error-color: #d63637;\n--wpforms-button-border-radius: 3px;\n--wpforms-button-border-style: none;\n--wpforms-button-border-size: 1px;\n--wpforms-button-background-color: #066aab;\n--wpforms-button-border-color: #066aab;\n--wpforms-button-text-color: #ffffff;\n--wpforms-page-break-color: #066aab;\n--wpforms-background-image: none;\n--wpforms-background-position: center center;\n--wpforms-background-repeat: no-repeat;\n--wpforms-background-size: cover;\n--wpforms-background-width: 100px;\n--wpforms-background-height: 100px;\n--wpforms-background-color: rgba( 0, 0, 0, 0 );\n--wpforms-background-url: none;\n--wpforms-container-padding: 0px;\n--wpforms-container-border-style: none;\n--wpforms-container-border-width: 1px;\n--wpforms-container-border-color: #000000;\n--wpforms-container-border-radius: 3px;\n--wpforms-field-size-input-height: 43px;\n--wpforms-field-size-input-spacing: 15px;\n--wpforms-field-size-font-size: 16px;\n--wpforms-field-size-line-height: 19px;\n--wpforms-field-size-padding-h: 14px;\n--wpforms-field-size-checkbox-size: 16px;\n--wpforms-field-size-sublabel-spacing: 5px;\n--wpforms-field-size-icon-size: 1;\n--wpforms-label-size-font-size: 16px;\n--wpforms-label-size-line-height: 19px;\n--wpforms-label-size-sublabel-font-size: 14px;\n--wpforms-label-size-sublabel-line-height: 17px;\n--wpforms-button-size-font-size: 17px;\n--wpforms-button-size-height: 41px;\n--wpforms-button-size-padding-h: 15px;\n--wpforms-button-size-margin-top: 10px;\n--wpforms-container-shadow-size-box-shadow: none;\n\n\t\t\t\t}\n\t\t\t<\/style><style id=\"wpforms-css-vars-elementor-widget-9108d0c\">\n\t\t\t\t.elementor-widget-wpforms.elementor-element-9108d0c {\n\t\t\t\t\t--wpforms-field-size-input-height: 43px;\n--wpforms-field-size-input-spacing: 15px;\n--wpforms-field-size-font-size: 16px;\n--wpforms-field-size-line-height: 19px;\n--wpforms-field-size-padding-h: 14px;\n--wpforms-field-size-checkbox-size: 16px;\n--wpforms-field-size-sublabel-spacing: 5px;\n--wpforms-field-size-icon-size: 1;\n--wpforms-label-size-font-size: 16px;\n--wpforms-label-size-line-height: 19px;\n--wpforms-label-size-sublabel-font-size: 14px;\n--wpforms-label-size-sublabel-line-height: 17px;\n--wpforms-button-size-font-size: 17px;\n--wpforms-button-size-height: 41px;\n--wpforms-button-size-padding-h: 15px;\n--wpforms-button-size-margin-top: 10px;\n\n\t\t\t\t}\n\t\t\t<\/style><div class=\"wpforms-container wpforms-container-full wpforms-render-modern\" id=\"wpforms-302\"><form id=\"wpforms-form-302\" class=\"wpforms-validate wpforms-form wpforms-ajax-form\" data-formid=\"302\" method=\"post\" enctype=\"multipart\/form-data\" action=\"\/index.php\/wp-json\/wp\/v2\/pages\/116\" data-token=\"5fc1c645c7534c7f72519b60d0070e0c\" data-token-time=\"1777728889\"><noscript class=\"wpforms-error-noscript\">Please enable JavaScript in your browser to complete this form.<\/noscript><div class=\"wpforms-hidden\" id=\"wpforms-error-noscript\">Please enable JavaScript in your browser to complete this form.<\/div><div class=\"wpforms-field-container\"><div id=\"wpforms-302-field_1-container\" class=\"wpforms-field wpforms-field-text\" data-field-id=\"1\"><label class=\"wpforms-field-label\" for=\"wpforms-302-field_1\">N\u00e1zev skladby <span class=\"wpforms-required-label\" aria-hidden=\"true\">*<\/span><\/label><input type=\"text\" id=\"wpforms-302-field_1\" class=\"wpforms-field-medium wpforms-field-required\" name=\"wpforms[fields][1]\" aria-errormessage=\"wpforms-302-field_1-error\" required><\/div><div id=\"wpforms-302-field_2-container\" class=\"wpforms-field wpforms-field-text\" data-field-id=\"2\"><label class=\"wpforms-field-label\" for=\"wpforms-302-field_2\">Interpret <span class=\"wpforms-required-label\" aria-hidden=\"true\">*<\/span><\/label><input type=\"text\" id=\"wpforms-302-field_2\" class=\"wpforms-field-medium wpforms-field-required\" name=\"wpforms[fields][2]\" aria-errormessage=\"wpforms-302-field_2-error\" required><\/div><div id=\"wpforms-302-field_3-container\" class=\"wpforms-field wpforms-field-text\" data-field-id=\"3\"><label class=\"wpforms-field-label\" for=\"wpforms-302-field_3\">Odkaz na YouTube<\/label><input type=\"text\" id=\"wpforms-302-field_3\" class=\"wpforms-field-medium\" name=\"wpforms[fields][3]\" aria-errormessage=\"wpforms-302-field_3-error\" ><\/div><\/div><!-- .wpforms-field-container --><div class=\"wpforms-submit-container\" ><input type=\"hidden\" name=\"wpforms[id]\" value=\"302\"><input type=\"hidden\" name=\"page_title\" value=\"\"><input type=\"hidden\" name=\"page_url\" value=\"https:\/\/saldoband.cz\/index.php\/wp-json\/wp\/v2\/pages\/116\"><button type=\"submit\" name=\"wpforms[submit]\" id=\"wpforms-submit-302\" class=\"wpforms-submit\" data-alt-text=\"Odes\u00edl\u00e1m\" data-submit-text=\"Odeslat\" aria-live=\"assertive\" value=\"wpforms-submit\">Odeslat<\/button><img decoding=\"async\" src=\"https:\/\/saldoband.cz\/wp-content\/plugins\/wpforms-lite\/assets\/images\/submit-spin.svg\" class=\"wpforms-submit-spinner\" style=\"display: none;\" width=\"26\" height=\"26\" alt=\"Loading\"><\/div><\/form><\/div>  <!-- .wpforms-container -->\t\t<\/div>\n\t\t\t\t<\/div>\n\t\t\t\t<\/div>\n\t\t\t\t\t<\/div>\n\t\t\t\t<\/div>\n\t\t<div class=\"elementor-element elementor-element-9dbc536 e-flex e-con-boxed e-con e-parent\" data-id=\"9dbc536\" data-element_type=\"container\">\n\t\t\t\t\t<div class=\"e-con-inner\">\n\t\t<div class=\"elementor-element elementor-element-abcdcc4 e-con-full e-flex e-con e-child\" data-id=\"abcdcc4\" data-element_type=\"container\">\n\t\t\t\t<div class=\"elementor-element elementor-element-1468486 elementor-widget elementor-widget-text-editor\" data-id=\"1468486\" data-element_type=\"widget\" data-widget_type=\"text-editor.default\">\n\t\t\t\t<div class=\"elementor-widget-container\">\n\t\t\t\t\t\t\t<p><span style=\"font-size: 14px; font-weight: 400;\">Blueberry Hill &#8211; Elvis Presley<\/span><\/p><p><span style=\"font-size: 14px; font-weight: 400;\">Zejtra M\u00e1m &#8211; Ready Kirken<\/span><\/p><p><span style=\"font-size: 14px; font-weight: 400;\">Ona se br\u00e1n\u00ed &#8211; Petr Muk<\/span><\/p><p><span style=\"font-size: 14px; font-weight: 400;\">Ty a Tvoja Sestra &#8211; No Name<\/span><\/p><p><span style=\"font-size: 14px; font-weight: 400;\">Ve\u010dnost &#8211; No Name<\/span><\/p><p><span style=\"font-size: 14px; font-weight: 400;\">Jaro\u0161ovsk\u00fd pivovar &#8211; Argema<\/span><\/p><p><span style=\"font-size: 14px; font-weight: 400;\">Tohle je r\u00e1j &#8211; Argema<\/span><\/p><p><span style=\"font-size: 14px; font-weight: 400;\">L\u00edbezn\u00e1 &#8211; Michal David<\/span><\/p><p><span style=\"font-size: 14px; font-weight: 400;\">P\u00e1r p\u0159\u00e1tel sta\u010d\u00ed m\u00edt &#8211; Michal David<\/span><\/p><p><span style=\"font-size: 14px; font-weight: 400;\">My Oh My &#8211; Slade<\/span><\/p><p><span style=\"font-size: 14px; font-weight: 400;\">J\u00e1 budu chodit po \u0161pi\u010dk\u00e1ch &#8211; Petr Nov\u00e1k<\/span><\/p><p><span style=\"font-size: 14px; font-weight: 400;\">\u010cern\u00fd brejle &#8211; Ready Kirken<\/span><\/p><p><span style=\"font-size: 14px; font-weight: 400;\">Kohout &#8211; Nedv\u011bdi<\/span><\/p><p><span style=\"font-size: 14px; font-weight: 400;\">L\u00e1skopad\u00a0 &#8211; Chinaski<\/span><\/p><p><span style=\"font-size: 14px; font-weight: 400;\">Osm\u00fd den &#8211; Olympic<\/span><\/p><p><span style=\"font-size: 14px; font-weight: 400;\">Pov\u00eddej &#8211; Petr Nov\u00e1k<\/span><\/p><p><span style=\"font-size: 14px; font-weight: 400;\">Jasn\u00e1 zpr\u00e1va &#8211; Olympic<\/span><\/p><p><span style=\"font-size: 14px; font-weight: 400;\">Okno m\u00e9 l\u00e1sky &#8211; Olympic<\/span><\/p><p><span style=\"font-size: 14px; font-weight: 400;\">Color my World &#8211; Chicago<\/span><\/p><p><span style=\"font-size: 14px; font-weight: 400;\">\u010cekej ti\u0161e &#8211; Eva Olmerov\u00e1 (1971)<\/span><\/p><p><span style=\"font-size: 14px; font-weight: 400;\">Pro\u010d zrovna ty &#8211; Olympic<\/span><\/p><p><span style=\"font-size: 14px; font-weight: 400;\">Jsem tak l\u00ednej &#8211; Petr Janda<\/span><\/p><p><span style=\"font-size: 14px; font-weight: 400;\">Forever and Ever, My Symphony &#8211; Demis Roussos<\/span><\/p><p><span style=\"font-size: 14px; font-weight: 400;\">Sbohem l\u00e1sko &#8211; Waldemar Matu\u0161ka<\/span><\/p><p><span style=\"font-size: 14px; font-weight: 400;\">Ba\u017eant na v\u00edn\u011b &#8211; Meky \u017dbirka<\/span><\/p><p><span style=\"font-size: 14px; font-weight: 400;\">Vo slep\u00fdch uli\u010dk\u00e1ch &#8211; Meky \u017dbirka Marika Gombitov\u00e1<\/span><\/p><p><span style=\"font-size: 14px; font-weight: 400;\">Balada o polnych vtakoch &#8211; Meky \u017dbirka<\/span><\/p><p><span style=\"font-size: 14px; font-weight: 400;\">\u0160\u00edpkov\u00e1 R\u016f\u017eenka &#8211; Deep Purple<\/span><\/p><p><span style=\"font-size: 14px; font-weight: 400;\">I Want to Break Free &#8211; Queen<\/span><\/p><p><span style=\"font-size: 14px; font-weight: 400;\">Tam u nebesk\u00fdch bran &#8211; Michal Tu\u010dn\u00fd<\/span><\/p><p><span style=\"font-size: 14px; font-weight: 400;\">D\u00edky j\u00e1 jdu d\u00e1l &#8211; Turbo<\/span><\/p><p><span style=\"font-size: 14px; font-weight: 400;\">Je to vo hviezdach \u2013 Team<\/span><\/p><p><span style=\"font-size: 14px; font-weight: 400;\">Dr\u017e\u00edm ti miesto \u2013 Team<\/span><\/p><p><span style=\"font-size: 14px; font-weight: 400;\">Lietam v\u00a0tom tie\u017e \u2013 Team<\/span><\/p><p><span style=\"font-size: 14px; font-weight: 400;\">Hey Jude &#8211; The Beatles<\/span><\/p>\t\t\t\t\t\t<\/div>\n\t\t\t\t<\/div>\n\t\t\t\t<\/div>\n\t\t<div class=\"elementor-element elementor-element-c67427e e-con-full e-flex e-con e-child\" data-id=\"c67427e\" data-element_type=\"container\">\n\t\t\t\t<div class=\"elementor-element elementor-element-b2f6165 elementor-widget elementor-widget-text-editor\" data-id=\"b2f6165\" data-element_type=\"widget\" data-widget_type=\"text-editor.default\">\n\t\t\t\t<div class=\"elementor-widget-container\">\n\t\t\t\t\t\t\t<p>Nonstop &#8211; Michal David<\/p>\n<p>Ko\u010dka \u2013 El\u00e1n<\/p>\n<p>Od Tatier k Dunaju &#8211; El\u00e1n<\/p>\n<p>Nesn\u00edd\u00e1m s\u00e1m &#8211; Katapult<\/p>\n<p>I Still Haven&#8217;t Found What I&#8217;m Looking \u2013 U2<\/p>\n<p>I love Rock and Roll &#8211; Joan Jett<\/p>\n<p>Eldorado &#8211; WaldaGang<\/p>\n<p>Je\u0161t\u011b jednu noc &#8211; Jelen<\/p>\n<p>Kry\u0161tof &#8211; Cesta<\/p>\n<p>Vymyslel jsem spoustu n\u00e1pad\u016f &#8211; Olympic<\/p>\n<p>Amerika &#8211; Lucie<\/p>\n<p>M\u00fddlov\u00fd princ &#8211; Petr Nov\u00e1k<\/p>\n<p>Fox on the run &#8211; Sweet<\/p>\n<p>Enjoy the silence &#8211; Depeche Mode<\/p>\n<p>Farm\u00e1\u0159\u016fm &#8211; David Stypka<\/p>\n<p>Hudsonsk\u00e9 \u0161\u00edfy &#8211; WaldaGang<\/p>\n<p>Sva\u0159\u00e1k &#8211; Harlej<\/p>\n<p>Modr\u00e1 &#8211; \u017dlutej Pes<\/p>\n<p>N\u00e1, N\u00e1, N\u00e1 &#8211; Vil\u00e9m \u010cok<\/p>\n<p>Ty ja a moj brat &#8211; Modus<\/p>\n<p>Zanedbany sex &#8211; El\u00e1n<\/p>\n<p>Zlodej slne\u010dnic &#8211; El\u00e1n<\/p>\n<p>Halyw\u016fd &#8211; Kry\u0161tof<\/p>\n<p>Baker street &#8211; Gerry Rafferty<\/p><p>Lucie &#8211; Chci zas v tob\u011b sp\u00e1t<\/p><p>King Harvest &#8211; Dancing in the moonlight<\/p><p>Chuck Berry &#8211; Johny B.Goode<\/p>\n<p><b>&nbsp;<\/b><\/p>\n<p><\/p>\n<p><b>Lidovky:<\/b><\/p>\n<p>\u0160koda l\u00e1sky<\/p>\n<p>U\u017e je ve\u010der u\u017e zapad\u00e1<\/p>\n<p>Sm\u011bska<\/p>\t\t\t\t\t\t<\/div>\n\t\t\t\t<\/div>\n\t\t\t\t<\/div>\n\t\t\t\t\t<\/div>\n\t\t\t\t<\/div>\n\t\t<div class=\"elementor-element elementor-element-a9b4a12 e-flex e-con-boxed e-con e-parent\" data-id=\"a9b4a12\" data-element_type=\"container\">\n\t\t\t\t\t<div class=\"e-con-inner\">\n\t\t\t\t\t<\/div>\n\t\t\t\t<\/div>\n\t\t\t\t<\/div>\n\t\t","protected":false},"excerpt":{"rendered":"<p>Reperto\u00e1r M\u00e1te tip na skladbu, kterou bychom m\u011bli za\u0159adit do playlistu? Napi\u0161te n\u00e1m j\u00ed pros\u00edm n\u00ed\u017ee Please enable JavaScript in your browser to complete this form.Please enable JavaScript in your browser to complete this form.N\u00e1zev skladby *Interpret *Odkaz na YouTube Odeslat Blueberry Hill &#8211; Elvis Presley Zejtra M\u00e1m &#8211; Ready Kirken Ona se br\u00e1n\u00ed &#8211; [&hellip;]<\/p>\n","protected":false},"author":1,"featured_media":0,"parent":0,"menu_order":0,"comment_status":"closed","ping_status":"closed","template":"elementor_header_footer","meta":{"ocean_post_layout":"full-screen","ocean_both_sidebars_style":"","ocean_both_sidebars_content_width":0,"ocean_both_sidebars_sidebars_width":0,"ocean_sidebar":"","ocean_second_sidebar":"","ocean_disable_margins":"enable","ocean_add_body_class":"","ocean_shortcode_before_top_bar":"","ocean_shortcode_after_top_bar":"","ocean_shortcode_before_header":"","ocean_shortcode_after_header":"","ocean_has_shortcode":"","ocean_shortcode_after_title":"","ocean_shortcode_before_footer_widgets":"","ocean_shortcode_after_footer_widgets":"","ocean_shortcode_before_footer_bottom":"","ocean_shortcode_after_footer_bottom":"","ocean_display_top_bar":"default","ocean_display_header":"default","ocean_header_style":"","ocean_center_header_left_menu":"","ocean_custom_header_template":"","ocean_custom_logo":0,"ocean_custom_retina_logo":0,"ocean_custom_logo_max_width":0,"ocean_custom_logo_tablet_max_width":0,"ocean_custom_logo_mobile_max_width":0,"ocean_custom_logo_max_height":0,"ocean_custom_logo_tablet_max_height":0,"ocean_custom_logo_mobile_max_height":0,"ocean_header_custom_menu":"","ocean_menu_typo_font_family":"","ocean_menu_typo_font_subset":"","ocean_menu_typo_font_size":0,"ocean_menu_typo_font_size_tablet":0,"ocean_menu_typo_font_size_mobile":0,"ocean_menu_typo_font_size_unit":"px","ocean_menu_typo_font_weight":"","ocean_menu_typo_font_weight_tablet":"","ocean_menu_typo_font_weight_mobile":"","ocean_menu_typo_transform":"","ocean_menu_typo_transform_tablet":"","ocean_menu_typo_transform_mobile":"","ocean_menu_typo_line_height":0,"ocean_menu_typo_line_height_tablet":0,"ocean_menu_typo_line_height_mobile":0,"ocean_menu_typo_line_height_unit":"","ocean_menu_typo_spacing":0,"ocean_menu_typo_spacing_tablet":0,"ocean_menu_typo_spacing_mobile":0,"ocean_menu_typo_spacing_unit":"","ocean_menu_link_color":"","ocean_menu_link_color_hover":"","ocean_menu_link_color_active":"","ocean_menu_link_background":"","ocean_menu_link_hover_background":"","ocean_menu_link_active_background":"","ocean_menu_social_links_bg":"","ocean_menu_social_hover_links_bg":"","ocean_menu_social_links_color":"","ocean_menu_social_hover_links_color":"","ocean_disable_title":"on","ocean_disable_heading":"default","ocean_post_title":"","ocean_post_subheading":"","ocean_post_title_style":"","ocean_post_title_background_color":"","ocean_post_title_background":0,"ocean_post_title_bg_image_position":"","ocean_post_title_bg_image_attachment":"","ocean_post_title_bg_image_repeat":"","ocean_post_title_bg_image_size":"","ocean_post_title_height":0,"ocean_post_title_bg_overlay":0.5,"ocean_post_title_bg_overlay_color":"","ocean_disable_breadcrumbs":"default","ocean_breadcrumbs_color":"","ocean_breadcrumbs_separator_color":"","ocean_breadcrumbs_links_color":"","ocean_breadcrumbs_links_hover_color":"","ocean_display_footer_widgets":"default","ocean_display_footer_bottom":"default","ocean_custom_footer_template":"","footnotes":""},"class_list":["post-116","page","type-page","status-publish","hentry","entry"],"_links":{"self":[{"href":"https:\/\/saldoband.cz\/index.php\/wp-json\/wp\/v2\/pages\/116","targetHints":{"allow":["GET"]}}],"collection":[{"href":"https:\/\/saldoband.cz\/index.php\/wp-json\/wp\/v2\/pages"}],"about":[{"href":"https:\/\/saldoband.cz\/index.php\/wp-json\/wp\/v2\/types\/page"}],"author":[{"embeddable":true,"href":"https:\/\/saldoband.cz\/index.php\/wp-json\/wp\/v2\/users\/1"}],"replies":[{"embeddable":true,"href":"https:\/\/saldoband.cz\/index.php\/wp-json\/wp\/v2\/comments?post=116"}],"version-history":[{"count":37,"href":"https:\/\/saldoband.cz\/index.php\/wp-json\/wp\/v2\/pages\/116\/revisions"}],"predecessor-version":[{"id":347,"href":"https:\/\/saldoband.cz\/index.php\/wp-json\/wp\/v2\/pages\/116\/revisions\/347"}],"wp:attachment":[{"href":"https:\/\/saldoband.cz\/index.php\/wp-json\/wp\/v2\/media?parent=116"}],"curies":[{"name":"wp","href":"https:\/\/api.w.org\/{rel}","templated":true}]}}